{"id":10781,"date":"2019-04-01T18:07:25","date_gmt":"2019-04-01T23:07:25","guid":{"rendered":"https:\/\/brahmanjournal.com\/cattle\/?page_id=10781"},"modified":"2019-05-01T18:43:32","modified_gmt":"2019-05-01T23:43:32","slug":"magazine-club-subscriptions","status":"publish","type":"page","link":"https:\/\/brahmanjournal.com\/cattle\/magazine-club-subscriptions","title":{"rendered":"Magazine Club Subscriptions"},"content":{"rendered":"<div class=\"wpb-content-wrapper\"><div id=\"td_uid_1_69dff85216b62\" class=\"tdc-row\"><div class=\"vc_row td_uid_1_69dff85216b6b_rand  wpb_row td-pb-row\" >\n<style scoped>\n\n\/* custom css *\/\n.td_uid_1_69dff85216b6b_rand {\r\n                    min-height: 0;\r\n                }\n<\/style><div class=\"vc_column td_uid_2_69dff85217047_rand  wpb_column vc_column_container tdc-column td-pb-span12\">\n<style scoped>\n\n\/* custom css *\/\n.td_uid_2_69dff85217047_rand {\r\n                    vertical-align: baseline;\r\n                }\n<\/style><div class=\"wpb_wrapper\"><div class=\"wpb_wrapper wpb_text_column td_block_wrap td_block_wrap vc_column_text td_uid_3_69dff8521716b_rand  td-pb-border-top td_block_template_1\"  data-td-block-uid=\"td_uid_3_69dff8521716b\" ><div class=\"td-block-title-wrap\"><\/div><div class=\"td-fix-index\"><p>On this page there are three different levels of membership for the Magazine Club. <strong>LIFETIME VIP MEMBERSHIP <\/strong>(Recomended),<strong>GOLD LEVEL MEMBERSHIP &amp;<\/strong> <strong>SILVER LEVEL MEMBERSHIP<\/strong>. Scroll down to view your options.<\/p>\n<p>En esta p\u00e1gina hay tres niveles diferentes de membres\u00eda para el Club de Revistas. <strong>MEMBRES\u00cdA DE POR VIDA<\/strong> (Recomendado), <strong> MEMBRES\u00cdA NIVEL ORO Y<\/strong> <strong>MEMBRES\u00cdA NIVEL PLATA<\/strong>. Despl\u00e1cese hacia abajo para ver tus opciones.<\/p>\n<\/div><\/div><div class=\"woocommerce\">\t\t\t<div class=\"single-product\" data-product-page-preselected-id=\"0\">\n\t\t\t\t<div class=\"woocommerce-notices-wrapper\"><\/div><div id=\"product-10776\" class=\"post product type-product post-10776 status-publish first instock product_cat-magazine-club has-post-thumbnail virtual purchasable product-type-simple\">\n\n\t<div class=\"woocommerce-product-gallery woocommerce-product-gallery--with-images woocommerce-product-gallery--columns-4 images\" data-columns=\"4\" style=\"opacity: 0; transition: opacity .25s ease-in-out;\">\n\t<div class=\"woocommerce-product-gallery__wrapper\">\n\t\t<div data-thumb=\"https:\/\/brahmanjournal.com\/cattle\/wp-content\/uploads\/VIP-product-100x100.jpg\" data-thumb-alt=\"VIP Lifetime Magazine Club Membership\" data-thumb-srcset=\"https:\/\/brahmanjournal.com\/cattle\/wp-content\/uploads\/VIP-product-100x100.jpg 100w, https:\/\/brahmanjournal.com\/cattle\/wp-content\/uploads\/VIP-product-150x150.jpg 150w, https:\/\/brahmanjournal.com\/cattle\/wp-content\/uploads\/VIP-product-300x300.jpg 300w, https:\/\/brahmanjournal.com\/cattle\/wp-content\/uploads\/VIP-product-420x420.jpg 420w, https:\/\/brahmanjournal.com\/cattle\/wp-content\/uploads\/VIP-product.jpg 500w\"  data-thumb-sizes=\"(max-width: 100px) 100vw, 100px\" class=\"woocommerce-product-gallery__image\"><a href=\"https:\/\/brahmanjournal.com\/cattle\/wp-content\/uploads\/VIP-product.jpg\"><img loading=\"lazy\" decoding=\"async\" width=\"500\" height=\"500\" src=\"https:\/\/brahmanjournal.com\/cattle\/wp-content\/uploads\/VIP-product.jpg\" class=\"wp-post-image\" alt=\"VIP Lifetime Magazine Club Membership\" data-caption=\"\" data-src=\"https:\/\/brahmanjournal.com\/cattle\/wp-content\/uploads\/VIP-product.jpg\" data-large_image=\"https:\/\/brahmanjournal.com\/cattle\/wp-content\/uploads\/VIP-product.jpg\" data-large_image_width=\"500\" data-large_image_height=\"500\" srcset=\"https:\/\/brahmanjournal.com\/cattle\/wp-content\/uploads\/VIP-product.jpg 500w, https:\/\/brahmanjournal.com\/cattle\/wp-content\/uploads\/VIP-product-150x150.jpg 150w, https:\/\/brahmanjournal.com\/cattle\/wp-content\/uploads\/VIP-product-300x300.jpg 300w, https:\/\/brahmanjournal.com\/cattle\/wp-content\/uploads\/VIP-product-420x420.jpg 420w, https:\/\/brahmanjournal.com\/cattle\/wp-content\/uploads\/VIP-product-100x100.jpg 100w\" sizes=\"auto, (max-width: 500px) 100vw, 500px\" \/><\/a><\/div>\t<\/div>\n<\/div>\n\n\t<div class=\"summary entry-summary\">\n\t\t<h1 class=\"product_title entry-title\">VIP Lifetime Magazine Club Membership<\/h1><p class=\"price\"><span class=\"woocommerce-Price-amount amount\"><bdi><span class=\"woocommerce-Price-currencySymbol\">&#36;<\/span>300.00<\/bdi><\/span><\/p>\n<div class=\"woocommerce-product-details__short-description\">\n\t<p><strong>LIFETIME VIP MEMBERSHIP<\/strong><br \/>\nEnjoy PREMIUM CONTENT and join the club with this Lifetime Membership and you will have access to ALL The Brahman Journal magazines since 1971 and current! No need to renew your membership, as you will be a VIP member of the club for life. You will have access to additional special content as we add it, such as International Brahman magazines from the 1960\u2019s \u2013 1970\u2019s and some very special magazines from the 1940\u2019s! So join for a LIFETIME for just $300 and enjoy viewing The Brahman Journal from 1971 to current day whenever and wherever you want!<\/p>\n<hr \/>\n<p><strong>MEMBRES\u00cdA VIP DE POR VIDA<\/strong><br \/>\nDisfruta contenido PREMIUM y disfruta del club con esta membres\u00eda de por vida donde tendr\u00e1s acceso a TODAS las revistas de la revista desde 1971 hasta la \u00faltima vigente! No se necesita renovaci\u00f3n puesto que ser\u00e1s un miembro VIP de club de por vida. Tendr\u00e1s acceso a contenido especial adicional como lo vayamos agregando como Revistas Internacionales del Brahman de 1960 &#8211; 1970 y algunas revistas muy especiales de 1940! As\u00ed que \u00fanete con un pago \u00fanico de $300.00 USD y disfruta leyendo la revista Brahman Journal desde 1971 a la \u00faltima vigente donde sea y cuando sea!<\/p>\n<\/div>\n\n\t\n\t<form class=\"cart\" action=\"\" method=\"post\" enctype='multipart\/form-data'>\n\t\t\n\t\t<div class=\"quantity\">\n\t\t<label class=\"screen-reader-text\" for=\"quantity_69dff8521b72f\">VIP Lifetime Magazine Club Membership quantity<\/label>\n\t<input\n\t\ttype=\"number\"\n\t\t\t\tid=\"quantity_69dff8521b72f\"\n\t\tclass=\"input-text qty text\"\n\t\tname=\"quantity\"\n\t\tvalue=\"1\"\n\t\taria-label=\"Product quantity\"\n\t\t\t\tmin=\"1\"\n\t\t\t\t\t\t\tstep=\"1\"\n\t\t\tplaceholder=\"\"\n\t\t\tinputmode=\"numeric\"\n\t\t\tautocomplete=\"off\"\n\t\t\t\/>\n\t<\/div>\n\n\t\t<button type=\"submit\" name=\"add-to-cart\" value=\"10776\" class=\"single_add_to_cart_button button alt\">Add to cart<\/button>\n\n\t\t\t<\/form>\n\n\t\n<div class=\"product_meta\">\n\n\t\n\t\n\t<span class=\"posted_in\">Category: <a href=\"https:\/\/brahmanjournal.com\/cattle\/product-category\/magazine-club\" rel=\"tag\">Magazine Club<\/a><\/span>\n\t\n\t\n<\/div>\n\t<\/div>\n\n\t<\/div>\n\n\t\t\t<\/div>\n\t\t\t<\/div><div class=\"wpb_wrapper td_block_separator td_block_wrap vc_separator td_uid_4_69dff8521bf73_rand  td_separator_solid td_separator_center\"><span style=\"border-color:#EBEBEB;border-width:1px;width:100%;\"><\/span><\/div><\/div><\/div><\/div><\/div><div id=\"td_uid_4_69dff8521bfc1\" class=\"tdc-row\"><div class=\"vc_row td_uid_5_69dff8521bfc2_rand  wpb_row td-pb-row\" >\n<style scoped>\n\n\/* custom css *\/\n.td_uid_5_69dff8521bfc2_rand {\r\n                    min-height: 0;\r\n                }\n<\/style><div class=\"vc_column td_uid_6_69dff8521c12e_rand  wpb_column vc_column_container tdc-column td-pb-span12\">\n<style scoped>\n\n\/* custom css *\/\n.td_uid_6_69dff8521c12e_rand {\r\n                    vertical-align: baseline;\r\n                }\n<\/style><div class=\"wpb_wrapper\"><div class=\"woocommerce\">\t\t\t<div class=\"single-product\" data-product-page-preselected-id=\"0\">\n\t\t\t\t<div class=\"woocommerce-notices-wrapper\"><\/div><div id=\"product-10852\" class=\"post product type-product post-10852 status-publish instock product_cat-magazine-club has-post-thumbnail virtual purchasable product-type-simple\">\n\n\t<div class=\"woocommerce-product-gallery woocommerce-product-gallery--with-images woocommerce-product-gallery--columns-4 images\" data-columns=\"4\" style=\"opacity: 0; transition: opacity .25s ease-in-out;\">\n\t<div class=\"woocommerce-product-gallery__wrapper\">\n\t\t<div data-thumb=\"https:\/\/brahmanjournal.com\/cattle\/wp-content\/uploads\/Gold-product-100x100.jpg\" data-thumb-alt=\"Gold Magazine Club Membership\" data-thumb-srcset=\"https:\/\/brahmanjournal.com\/cattle\/wp-content\/uploads\/Gold-product-100x100.jpg 100w, https:\/\/brahmanjournal.com\/cattle\/wp-content\/uploads\/Gold-product-150x150.jpg 150w, https:\/\/brahmanjournal.com\/cattle\/wp-content\/uploads\/Gold-product-300x300.jpg 300w, https:\/\/brahmanjournal.com\/cattle\/wp-content\/uploads\/Gold-product-420x420.jpg 420w, https:\/\/brahmanjournal.com\/cattle\/wp-content\/uploads\/Gold-product.jpg 500w\"  data-thumb-sizes=\"(max-width: 100px) 100vw, 100px\" class=\"woocommerce-product-gallery__image\"><a href=\"https:\/\/brahmanjournal.com\/cattle\/wp-content\/uploads\/Gold-product.jpg\"><img loading=\"lazy\" decoding=\"async\" width=\"500\" height=\"500\" src=\"https:\/\/brahmanjournal.com\/cattle\/wp-content\/uploads\/Gold-product.jpg\" class=\"wp-post-image\" alt=\"Gold Magazine Club Membership\" data-caption=\"\" data-src=\"https:\/\/brahmanjournal.com\/cattle\/wp-content\/uploads\/Gold-product.jpg\" data-large_image=\"https:\/\/brahmanjournal.com\/cattle\/wp-content\/uploads\/Gold-product.jpg\" data-large_image_width=\"500\" data-large_image_height=\"500\" srcset=\"https:\/\/brahmanjournal.com\/cattle\/wp-content\/uploads\/Gold-product.jpg 500w, https:\/\/brahmanjournal.com\/cattle\/wp-content\/uploads\/Gold-product-150x150.jpg 150w, https:\/\/brahmanjournal.com\/cattle\/wp-content\/uploads\/Gold-product-300x300.jpg 300w, https:\/\/brahmanjournal.com\/cattle\/wp-content\/uploads\/Gold-product-420x420.jpg 420w, https:\/\/brahmanjournal.com\/cattle\/wp-content\/uploads\/Gold-product-100x100.jpg 100w\" sizes=\"auto, (max-width: 500px) 100vw, 500px\" \/><\/a><\/div>\t<\/div>\n<\/div>\n\n\t<div class=\"summary entry-summary\">\n\t\t<h1 class=\"product_title entry-title\">Gold Magazine Club Membership<\/h1><p class=\"price\"><span class=\"woocommerce-Price-amount amount\"><bdi><span class=\"woocommerce-Price-currencySymbol\">&#36;<\/span>50.00<\/bdi><\/span><\/p>\n<div class=\"woocommerce-product-details__short-description\">\n\t<p><strong>GOLD LEVEL MEMBERSHIP<\/strong><br \/>\nThe\u00a0Gold Membership\u00a0of The Brahman Journal Club is $50.00 for the year and gives access to all the magazines for a\u00a010 year period and also\u00a0all the current year\u2019 magazines. Example of the magazines you will have access to view \u2013 If you sign up in 2019 you will have access to all of the 2008 \u2013 2018 magazines, as well as all of the 2019 magazines. Since this limits the number of magazines you have access to you may want to\u00a0upgrade to a Lifetime membership\u00a0so you can view\u00a0ALL the magazines from 1971 to current. The Gold Membership is a Recurring Membership Plan and you will need to renew annually.<\/p>\n<hr \/>\n<h6><strong>MEMBRES\u00cdA NIVEL ORO<br \/>\n<\/strong><\/h6>\n<p>La membres\u00eda\u00a0Oro del Club\u00a0ofde la revista Brahman Journal es de $50.00 USD por a\u00f1o y te dar\u00e1 acceso a todas las revistas de los \u00faltimos 10 a\u00f1os y las del a\u00f1o vigente. Ejemplo de las revistas a las que tendr\u00e1s acceso \u2013 Si te suscribes en 2019 tendr\u00e1s acceso a todas las revistas del 2008 al 2018, as\u00ed como todas las revistas del 2019. Debido a que \u00e9sta te limita en el n\u00famero de revistas a las cuales puedes accesar, posiblemente quieras obtener una membres\u00eda\u00a0Lifetime\u00a0(de por vida) para que puedas ver TODAS las revistas desde 1971 hasta la \u00faltima vigente. La membres\u00eda Oro es de renovaci\u00f3n anual.<\/p>\n<\/div>\n\n\t\n\t<form class=\"cart\" action=\"\" method=\"post\" enctype='multipart\/form-data'>\n\t\t\n\t\t<div class=\"quantity\">\n\t\t<label class=\"screen-reader-text\" for=\"quantity_69dff8521d760\">Gold Magazine Club Membership quantity<\/label>\n\t<input\n\t\ttype=\"number\"\n\t\t\t\tid=\"quantity_69dff8521d760\"\n\t\tclass=\"input-text qty text\"\n\t\tname=\"quantity\"\n\t\tvalue=\"1\"\n\t\taria-label=\"Product quantity\"\n\t\t\t\tmin=\"1\"\n\t\t\t\t\t\t\tstep=\"1\"\n\t\t\tplaceholder=\"\"\n\t\t\tinputmode=\"numeric\"\n\t\t\tautocomplete=\"off\"\n\t\t\t\/>\n\t<\/div>\n\n\t\t<button type=\"submit\" name=\"add-to-cart\" value=\"10852\" class=\"single_add_to_cart_button button alt\">Add to cart<\/button>\n\n\t\t\t<\/form>\n\n\t\n<div class=\"product_meta\">\n\n\t\n\t\n\t<span class=\"posted_in\">Category: <a href=\"https:\/\/brahmanjournal.com\/cattle\/product-category\/magazine-club\" rel=\"tag\">Magazine Club<\/a><\/span>\n\t\n\t\n<\/div>\n\t<\/div>\n\n\t<\/div>\n\n\t\t\t<\/div>\n\t\t\t<\/div><div class=\"wpb_wrapper td_block_separator td_block_wrap vc_separator td_uid_7_69dff8521dd3a_rand  td_separator_solid td_separator_center\"><span style=\"border-color:#EBEBEB;border-width:1px;width:100%;\"><\/span><\/div><\/div><\/div><\/div><\/div><div id=\"td_uid_7_69dff8521dd84\" class=\"tdc-row\"><div class=\"vc_row td_uid_8_69dff8521dd86_rand  wpb_row td-pb-row\" >\n<style scoped>\n\n\/* custom css *\/\n.td_uid_8_69dff8521dd86_rand {\r\n                    min-height: 0;\r\n                }\n<\/style><div class=\"vc_column td_uid_9_69dff8521dee3_rand  wpb_column vc_column_container tdc-column td-pb-span12\">\n<style scoped>\n\n\/* custom css *\/\n.td_uid_9_69dff8521dee3_rand {\r\n                    vertical-align: baseline;\r\n                }\n<\/style><div class=\"wpb_wrapper\"><div class=\"woocommerce\">\t\t\t<div class=\"single-product\" data-product-page-preselected-id=\"0\">\n\t\t\t\t<div class=\"woocommerce-notices-wrapper\"><\/div><div id=\"product-10855\" class=\"post product type-product post-10855 status-publish instock product_cat-magazine-club has-post-thumbnail virtual purchasable product-type-simple\">\n\n\t<div class=\"woocommerce-product-gallery woocommerce-product-gallery--with-images woocommerce-product-gallery--columns-4 images\" data-columns=\"4\" style=\"opacity: 0; transition: opacity .25s ease-in-out;\">\n\t<div class=\"woocommerce-product-gallery__wrapper\">\n\t\t<div data-thumb=\"https:\/\/brahmanjournal.com\/cattle\/wp-content\/uploads\/Silver-product2-100x100.jpg\" data-thumb-alt=\"Silver Magazine Club Membership\" data-thumb-srcset=\"https:\/\/brahmanjournal.com\/cattle\/wp-content\/uploads\/Silver-product2-100x100.jpg 100w, https:\/\/brahmanjournal.com\/cattle\/wp-content\/uploads\/Silver-product2-150x150.jpg 150w, https:\/\/brahmanjournal.com\/cattle\/wp-content\/uploads\/Silver-product2-300x300.jpg 300w, https:\/\/brahmanjournal.com\/cattle\/wp-content\/uploads\/Silver-product2-420x420.jpg 420w, https:\/\/brahmanjournal.com\/cattle\/wp-content\/uploads\/Silver-product2.jpg 500w\"  data-thumb-sizes=\"(max-width: 100px) 100vw, 100px\" class=\"woocommerce-product-gallery__image\"><a href=\"https:\/\/brahmanjournal.com\/cattle\/wp-content\/uploads\/Silver-product2.jpg\"><img loading=\"lazy\" decoding=\"async\" width=\"500\" height=\"500\" src=\"https:\/\/brahmanjournal.com\/cattle\/wp-content\/uploads\/Silver-product2.jpg\" class=\"wp-post-image\" alt=\"Silver Magazine Club Membership\" data-caption=\"\" data-src=\"https:\/\/brahmanjournal.com\/cattle\/wp-content\/uploads\/Silver-product2.jpg\" data-large_image=\"https:\/\/brahmanjournal.com\/cattle\/wp-content\/uploads\/Silver-product2.jpg\" data-large_image_width=\"500\" data-large_image_height=\"500\" srcset=\"https:\/\/brahmanjournal.com\/cattle\/wp-content\/uploads\/Silver-product2.jpg 500w, https:\/\/brahmanjournal.com\/cattle\/wp-content\/uploads\/Silver-product2-150x150.jpg 150w, https:\/\/brahmanjournal.com\/cattle\/wp-content\/uploads\/Silver-product2-300x300.jpg 300w, https:\/\/brahmanjournal.com\/cattle\/wp-content\/uploads\/Silver-product2-420x420.jpg 420w, https:\/\/brahmanjournal.com\/cattle\/wp-content\/uploads\/Silver-product2-100x100.jpg 100w\" sizes=\"auto, (max-width: 500px) 100vw, 500px\" \/><\/a><\/div>\t<\/div>\n<\/div>\n\n\t<div class=\"summary entry-summary\">\n\t\t<h1 class=\"product_title entry-title\">Silver Magazine Club Membership<\/h1><p class=\"price\"><span class=\"woocommerce-Price-amount amount\"><bdi><span class=\"woocommerce-Price-currencySymbol\">&#36;<\/span>25.00<\/bdi><\/span><\/p>\n<div class=\"woocommerce-product-details__short-description\">\n\t<h6><strong>SILVER LEVEL MEMBERSHIP<br \/>\n<\/strong><\/h6>\n<p>The\u00a0Silver\u00a0Level\u00a0of The Brahman Journal Magazine Club is $25 and allows access to the past year\u2019s editions of the magazines and the current year\u2019s magazines. Example of the magazines you will have access to view \u2013 If you sign up in 2019 you will have access to all of 2018 magazines as well as all 2019 magazines.\u00a0Since this is a limited level of access to view online magazines, you may want to become a Gold Member or a VIP Member which will give access to more magazines.This Silver Membership is a Recurring Membership Plan and you must renew annually.<\/p>\n<hr \/>\n<h6><strong>MEMBRES\u00cdA NIVEL PLATA<br \/>\n<\/strong><\/h6>\n<p>El nivel Plata\u00a0del Club de la Revista Brahman Journal es de $25 USD y te da acceso a las revistas del a\u00f1o anterior y a las revistas del a\u00f1o vigente. Ejemplo de las revistas a las que tendr\u00e1s acceso \u2013 Si te suscribes en 2019 tendr\u00e1s accesso a todas las revistas del 2018 as\u00ed como todas las del 2019. Debido a que este es un nivel de acceso limitado, posiblemente quieras convertirte en un miembro Oro o VIP el cu\u00e1l te dar\u00e1 acceso a m\u00e1s revistas. La membres\u00eda Plata es de renovaci\u00f3n anual.<\/p>\n<h6><\/h6>\n<\/div>\n\n\t\n\t<form class=\"cart\" action=\"\" method=\"post\" enctype='multipart\/form-data'>\n\t\t\n\t\t<div class=\"quantity\">\n\t\t<label class=\"screen-reader-text\" for=\"quantity_69dff8521f3ed\">Silver Magazine Club Membership quantity<\/label>\n\t<input\n\t\ttype=\"number\"\n\t\t\t\tid=\"quantity_69dff8521f3ed\"\n\t\tclass=\"input-text qty text\"\n\t\tname=\"quantity\"\n\t\tvalue=\"1\"\n\t\taria-label=\"Product quantity\"\n\t\t\t\tmin=\"1\"\n\t\t\t\t\t\t\tstep=\"1\"\n\t\t\tplaceholder=\"\"\n\t\t\tinputmode=\"numeric\"\n\t\t\tautocomplete=\"off\"\n\t\t\t\/>\n\t<\/div>\n\n\t\t<button type=\"submit\" name=\"add-to-cart\" value=\"10855\" class=\"single_add_to_cart_button button alt\">Add to cart<\/button>\n\n\t\t\t<\/form>\n\n\t\n<div class=\"product_meta\">\n\n\t\n\t\n\t<span class=\"posted_in\">Category: <a href=\"https:\/\/brahmanjournal.com\/cattle\/product-category\/magazine-club\" rel=\"tag\">Magazine Club<\/a><\/span>\n\t\n\t\n<\/div>\n\t<\/div>\n\n\t<\/div>\n\n\t\t\t<\/div>\n\t\t\t<\/div><\/div><\/div><\/div><\/div><div id=\"td_uid_9_69dff8521f98f\" class=\"tdc-row\"><div class=\"vc_row td_uid_10_69dff8521f993_rand  wpb_row td-pb-row\" >\n<style scoped>\n\n\/* custom css *\/\n.td_uid_10_69dff8521f993_rand {\r\n                    min-height: 0;\r\n                }\n<\/style><div class=\"vc_column td_uid_11_69dff8521faf1_rand  wpb_column vc_column_container tdc-column td-pb-span12\">\n<style scoped>\n\n\/* custom css *\/\n.td_uid_11_69dff8521faf1_rand {\r\n                    vertical-align: baseline;\r\n                }\n<\/style><div class=\"wpb_wrapper\"><\/div><\/div><\/div><\/div><\/div>","protected":false},"excerpt":{"rendered":"","protected":false},"author":2400,"featured_media":0,"parent":0,"menu_order":0,"comment_status":"closed","ping_status":"closed","template":"","meta":{"footnotes":"","_links_to":"","_links_to_target":""},"class_list":["post-10781","page","type-page","status-publish"],"_links":{"self":[{"href":"https:\/\/brahmanjournal.com\/cattle\/wp-json\/wp\/v2\/pages\/10781","targetHints":{"allow":["GET"]}}],"collection":[{"href":"https:\/\/brahmanjournal.com\/cattle\/wp-json\/wp\/v2\/pages"}],"about":[{"href":"https:\/\/brahmanjournal.com\/cattle\/wp-json\/wp\/v2\/types\/page"}],"author":[{"embeddable":true,"href":"https:\/\/brahmanjournal.com\/cattle\/wp-json\/wp\/v2\/users\/2400"}],"replies":[{"embeddable":true,"href":"https:\/\/brahmanjournal.com\/cattle\/wp-json\/wp\/v2\/comments?post=10781"}],"version-history":[{"count":20,"href":"https:\/\/brahmanjournal.com\/cattle\/wp-json\/wp\/v2\/pages\/10781\/revisions"}],"predecessor-version":[{"id":11106,"href":"https:\/\/brahmanjournal.com\/cattle\/wp-json\/wp\/v2\/pages\/10781\/revisions\/11106"}],"wp:attachment":[{"href":"https:\/\/brahmanjournal.com\/cattle\/wp-json\/wp\/v2\/media?parent=10781"}],"curies":[{"name":"wp","href":"https:\/\/api.w.org\/{rel}","templated":true}]}}