{"id":710,"date":"2016-12-26T23:23:35","date_gmt":"2016-12-26T23:23:35","guid":{"rendered":"http:\/\/brahmanjournal.com\/cattle\/?page_id=710"},"modified":"2016-12-26T23:28:08","modified_gmt":"2016-12-26T23:28:08","slug":"current-brahman-journal-magazines","status":"publish","type":"page","link":"https:\/\/brahmanjournal.com\/cattle\/current-brahman-journal-magazines","title":{"rendered":"Current Brahman Journal Magazines"},"content":{"rendered":"<div class=\"wpb-content-wrapper\"><div id=\"td_uid_1_69e88ca979d41\" class=\"tdc-row\"><div class=\"vc_row td_uid_1_69e88ca979d4d_rand  wpb_row td-pb-row\" >\n<style scoped>\n\n\/* custom css *\/\n.td_uid_1_69e88ca979d4d_rand {\r\n                    min-height: 0;\r\n                }\n<\/style><div class=\"vc_column td_uid_2_69e88ca97a3f7_rand  wpb_column vc_column_container tdc-column td-pb-span12\">\n<style scoped>\n\n\/* custom css *\/\n.td_uid_2_69e88ca97a3f7_rand {\r\n                    vertical-align: baseline;\r\n                }\n<\/style><div class=\"wpb_wrapper\"><div class=\"wpb_wrapper wpb_text_column td_block_wrap td_block_wrap vc_column_text td_uid_3_69e88ca97a4d3_rand  td-pb-border-top td_block_template_1\"  data-td-block-uid=\"td_uid_3_69e88ca97a4d3\" ><div class=\"td-block-title-wrap\"><\/div><div class=\"td-fix-index\"><p>Below you will find the current magazines that are available for viewing online for FREE!<\/p>\n<p>A continuaci\u00f3n encontrar\u00e1 las revistas actuales que est\u00e1n disponibles para su visualizaci\u00f3n en l\u00ednea GRATIS!<\/p>\n<\/div><\/div>[vc_basic_grid post_type=&#8221;post&#8221; max_items=&#8221;24&#8243; grid_id=&#8221;vc_gid:1482794758812-033efbf3-bd96-1&#8243; taxonomies=&#8221;32&#8243;]<\/div><\/div><\/div><\/div><div id=\"td_uid_3_69e88ca97cb11\" class=\"tdc-row\"><div class=\"vc_row td_uid_4_69e88ca97cb17_rand  wpb_row td-pb-row\" >\n<style scoped>\n\n\/* custom css *\/\n.td_uid_4_69e88ca97cb17_rand {\r\n                    min-height: 0;\r\n                }\n<\/style><div class=\"vc_column td_uid_5_69e88ca97cc46_rand  wpb_column vc_column_container tdc-column td-pb-span12\">\n<style scoped>\n\n\/* custom css *\/\n.td_uid_5_69e88ca97cc46_rand {\r\n                    vertical-align: baseline;\r\n                }\n<\/style><div class=\"wpb_wrapper\"><\/div><\/div><\/div><\/div><\/div>","protected":false},"excerpt":{"rendered":"Below you will find the current magazines that are available for viewing online for FREE! A continuaci\u00f3n encontrar\u00e1 las revistas actuales que est\u00e1n disponibles para su visualizaci\u00f3n en l\u00ednea GRATIS! [vc_basic_grid post_type=\"post\" max_items=\"24\" grid_id=\"vc_gid:1482794758812-033efbf3-bd96-1\" taxonomies=\"32\"]","protected":false},"author":2400,"featured_media":0,"parent":0,"menu_order":0,"comment_status":"closed","ping_status":"closed","template":"","meta":{"footnotes":"","_links_to":"","_links_to_target":""},"class_list":["post-710","page","type-page","status-publish"],"_links":{"self":[{"href":"https:\/\/brahmanjournal.com\/cattle\/wp-json\/wp\/v2\/pages\/710","targetHints":{"allow":["GET"]}}],"collection":[{"href":"https:\/\/brahmanjournal.com\/cattle\/wp-json\/wp\/v2\/pages"}],"about":[{"href":"https:\/\/brahmanjournal.com\/cattle\/wp-json\/wp\/v2\/types\/page"}],"author":[{"embeddable":true,"href":"https:\/\/brahmanjournal.com\/cattle\/wp-json\/wp\/v2\/users\/2400"}],"replies":[{"embeddable":true,"href":"https:\/\/brahmanjournal.com\/cattle\/wp-json\/wp\/v2\/comments?post=710"}],"version-history":[{"count":4,"href":"https:\/\/brahmanjournal.com\/cattle\/wp-json\/wp\/v2\/pages\/710\/revisions"}],"predecessor-version":[{"id":714,"href":"https:\/\/brahmanjournal.com\/cattle\/wp-json\/wp\/v2\/pages\/710\/revisions\/714"}],"wp:attachment":[{"href":"https:\/\/brahmanjournal.com\/cattle\/wp-json\/wp\/v2\/media?parent=710"}],"curies":[{"name":"wp","href":"https:\/\/api.w.org\/{rel}","templated":true}]}}