{"id":9368,"date":"2018-08-23T17:48:49","date_gmt":"2018-08-23T22:48:49","guid":{"rendered":"https:\/\/brahmanjournal.com\/iump-subscription-plan\/"},"modified":"2024-12-26T19:33:17","modified_gmt":"2024-12-27T01:33:17","slug":"subscription-plan","status":"publish","type":"page","link":"https:\/\/brahmanjournal.com\/cattle\/subscription-plan","title":{"rendered":"Subscription Plan"},"content":{"rendered":"<div class=\"wpb-content-wrapper\"><div id=\"td_uid_1_69e88ca410ae4\" class=\"tdc-row\"><div class=\"vc_row td_uid_1_69e88ca410aec_rand  wpb_row td-pb-row\" >\n<style scoped>\n\n\/* custom css *\/\n.td_uid_1_69e88ca410aec_rand {\r\n                    min-height: 0;\r\n                }\n<\/style><div class=\"vc_column td_uid_2_69e88ca410f84_rand  wpb_column vc_column_container tdc-column td-pb-span4\">\n<style scoped>\n\n\/* custom css *\/\n.td_uid_2_69e88ca410f84_rand {\r\n                    vertical-align: baseline;\r\n                }\n<\/style><div class=\"wpb_wrapper\"><div class=\"wpb_wrapper wpb_text_column td_block_wrap td_block_wrap vc_column_text td_uid_3_69e88ca411061_rand  td-pb-border-top td_block_template_1\"  data-td-block-uid=\"td_uid_3_69e88ca411061\" ><div class=\"td-block-title-wrap\"><\/div><div class=\"td-fix-index\"><p><img loading=\"lazy\" decoding=\"async\" class=\"aligncenter wp-image-13137 size-medium\" src=\"https:\/\/brahmanjournal.com\/cattle\/wp-content\/uploads\/2020-TBJ-FI-06-June-300x287.jpg\" alt=\"2020-TBJ-FI-06-June\" width=\"300\" height=\"287\" srcset=\"https:\/\/brahmanjournal.com\/cattle\/wp-content\/uploads\/2020-TBJ-FI-06-June-300x287.jpg 300w, https:\/\/brahmanjournal.com\/cattle\/wp-content\/uploads\/2020-TBJ-FI-06-June-438x420.jpg 438w, https:\/\/brahmanjournal.com\/cattle\/wp-content\/uploads\/2020-TBJ-FI-06-June.jpg 500w\" sizes=\"auto, (max-width: 300px) 100vw, 300px\" \/><\/p>\n<p style=\"text-align: center;\"><a href=\"https:\/\/brahmanjournal.com\/cattle\/free-magazine\"><strong>Click Here to view the magazine FREE<\/strong><\/a><\/p>\n<\/div><\/div><\/div><\/div><div class=\"vc_column td_uid_4_69e88ca41347a_rand  wpb_column vc_column_container tdc-column td-pb-span8\">\n<style scoped>\n\n\/* custom css *\/\n.td_uid_4_69e88ca41347a_rand {\r\n                    vertical-align: baseline;\r\n                }\n<\/style><div class=\"wpb_wrapper\"><div class=\"wpb_wrapper wpb_text_column td_block_wrap td_block_wrap vc_column_text td_uid_5_69e88ca41355e_rand  td-pb-border-top td_block_template_1\"  data-td-block-uid=\"td_uid_5_69e88ca41355e\" ><div class=\"td-block-title-wrap\"><\/div><div class=\"td-fix-index\"><p>We are proud to offer online versions of <strong>The Brahman Journal<\/strong> magazines from 1971 to current for you to view. You must register in order to view the magazines. The current month of the magazine can be viewed for <strong>FREE<\/strong> for 15 days after you register for the Club for FREE! If you would like to view more magazines simply buy one of our TBJ Magazine Club plans on your account page after you have registered.<\/p>\n<hr \/>\n<p>Nos enorgullecemos de ofrecer las versiones online de la revista <strong>Brahman Journal<\/strong> desde 1971 hasta la edici\u00f3n actual para que puedas verlas. Para ver las revistas debes registrarte. El mes actual de la revista puede verse GRATIS por 15 d\u00edas despu\u00e9s de registrarse el el Club GRATIS! Si deseas ver m\u00e1s revistas, simplemente compra uno de nuestros planes para pertenecer al Club de la Revista TBJ en la p\u00e1gina de tu cuenta despu\u00e9s de que te hayas registrado.<\/p>\n<\/div><\/div><\/div><\/div><\/div><\/div><div id=\"td_uid_4_69e88ca413f65\" class=\"tdc-row\"><div class=\"vc_row td_uid_6_69e88ca413f68_rand  wpb_row td-pb-row\" >\n<style scoped>\n\n\/* custom css *\/\n.td_uid_6_69e88ca413f68_rand {\r\n                    min-height: 0;\r\n                }\n<\/style><div class=\"vc_column vc_custom_1554227656556 td_uid_7_69e88ca4140e9_rand  wpb_column vc_column_container tdc-column td-pb-span12\">\n<style scoped>\n\n\/* tdc_composer_block - inline css att *\/\n.vc_custom_1554227656556{margin-top: -75px !important;margin-right: 100px !important;margin-left: 400px !important;}\n\/* custom css *\/\n.td_uid_7_69e88ca4140e9_rand {\r\n                    vertical-align: baseline;\r\n                }\n<\/style><div class=\"wpb_wrapper\"><div class=\"wpb_wrapper wpb_text_column td_block_wrap td_block_wrap vc_column_text td_uid_8_69e88ca4141ee_rand  td-pb-border-top td_block_template_1\"  data-td-block-uid=\"td_uid_8_69e88ca4141ee\" ><div class=\"td-block-title-wrap\"><\/div><div class=\"td-fix-index\"><p style=\"text-align: center;\"><style>.ich_level_wrap{} \r\n\t\r\n<\/style><div class=\"ich_level_wrap ihc_level_template_5\"><div class=\"ihc-level-item\"><div class=\"ihc-level-item-wrap\"><div class=\"ihc-level-item-top\"><div class=\"ihc-level-item-title\">Free Member<\/div><\/div><div class=\"ihc-level-item-price\">Free Membership<\/div><div class=\"ihc-level-item-content\">This is a Free Membership Subscription. Register to view the current month of the magazine for FREE for 15 days at the beginning of each month. Once you register for the Free Subscription you will be able to upgrade your subscription level and register for a paid subscription to the Brahman Journal Magazine Club. Different levels allow you different access to magazines.\r\n\r\n<hr \/>\r\n<p style=\"text-align: center;\"><strong>MEMBRES\u00cdA GRATIS<\/strong><\/p>\r\n\r\n\r\n<hr \/>\r\n\r\nEsta es una Suscripci\u00f3n de Membres\u00eda Gratuita. Reg\u00edstrese para ver GRATIS el mes actual de la revista durante 15 d\u00edas al comienzo de cada mes. Una vez que se registre para la Suscripci\u00f3n Gratuita, podr\u00e1 actualizar su nivel de suscripci\u00f3n y registrarse para obtener una suscripci\u00f3n pagada para el Club de Revistas de The Brahman Journal. Diferentes niveles le permiten diferentes accesos a las revistas.<\/div><div class=\"ihc-level-item-bottom\"><div onClick=\"ihcBuyNewLevel('https:\/\/brahmanjournal.com\/cattle\/register?lid=4');\" class=\"ihc-level-item-link \" style=\"cursor: pointer;\">Sign Up<\/div><div class=\"iump-clear\"><\/div><\/div><\/div><\/div><\/div>\n<\/div><\/div><\/div><\/div><\/div><\/div><div id=\"td_uid_6_69e88ca414e22\" class=\"tdc-row\"><div class=\"vc_row td_uid_9_69e88ca414e25_rand  wpb_row td-pb-row\" >\n<style scoped>\n\n\/* custom css *\/\n.td_uid_9_69e88ca414e25_rand {\r\n                    min-height: 0;\r\n                }\n<\/style><div class=\"vc_column vc_custom_1554228596637 td_uid_10_69e88ca414f88_rand  wpb_column vc_column_container tdc-column td-pb-span12\">\n<style scoped>\n\n\/* tdc_composer_block - inline css att *\/\n.vc_custom_1554228596637{margin-top: -15px !important;}\n\/* custom css *\/\n.td_uid_10_69e88ca414f88_rand {\r\n                    vertical-align: baseline;\r\n                }\n<\/style><div class=\"wpb_wrapper\">[vc_cta h2=&#8221;&#8221; h2_font_container=&#8221;tag:h2|text_align:left&#8221; h2_google_fonts=&#8221;font_family:Montserrat%3Aregular%2C700|font_style:700%20bold%20regular%3A700%3Anormal&#8221; h4_font_container=&#8221;tag:h4|text_align:left&#8221; txt_align=&#8221;center&#8221; shape=&#8221;square&#8221; color=&#8221;black&#8221; use_custom_fonts_h2=&#8221;true&#8221; use_custom_fonts_h4=&#8221;true&#8221;]\r\n<h1 style=\"text-align: center;\">REGISTERED USERS LOG IN <strong><a href=\"\/cattle\/login\/\">HERE<\/a><\/strong><\/h1>\r\n<h1 style=\"text-align: center;\">USUARIOS REGISTRADOS PUEDEN INICIAR SESI\u00d3N <strong><a href=\"\/cattle\/login\/\">AQU\u00cd<\/a><\/strong><\/h1>\r\n[\/vc_cta][vc_custom_heading text=&#8221;LEARN MORE ABOUT THE DIFFERENT MEMBERSHIP LEVELS&#8221; font_container=&#8221;tag:h2|text_align:center&#8221; google_fonts=&#8221;font_family:Montserrat%3Aregular%2C700|font_style:700%20bold%20regular%3A700%3Anormal&#8221;]<\/div><\/div><div class=\"vc_column vc_custom_1554223679388 td_uid_11_69e88ca415009_rand  wpb_column vc_column_container tdc-column td-pb-span4\">\n<style scoped>\n\n\/* tdc_composer_block - inline css att *\/\n.vc_custom_1554223679388{margin-top: 40px !important;}\n\/* custom css *\/\n.td_uid_11_69e88ca415009_rand {\r\n                    vertical-align: baseline;\r\n                }\n<\/style><div class=\"wpb_wrapper\">[vc_message message_box_color=&#8221;grey&#8221;]\r\n<h6 style=\"text-align: center;\"><strong>SILVER LEVEL MEMBERSHIP\r\n<\/strong><\/h6>\r\nThe <strong>Silver\u00a0Level<\/strong> of The Brahman Journal Magazine Club is $25 and allows access to the past year&#8217;s editions of the magazines and the current year&#8217;s magazines. Example of the magazines you will have access to view &#8211; If you sign up in 2019 you will have access to all of 2018 magazines as well as all 2019 magazines. <strong>Since this is a limited level of access to view online magazines, you may want to become a Gold Member or a VIP Member which will give access to more magazines.<\/strong> This Silver Membership is a Recurring Membership Plan and you must renew annually.[\/vc_message]<\/div><\/div><div class=\"vc_column vc_custom_1554223689963 td_uid_12_69e88ca41507f_rand  wpb_column vc_column_container tdc-column td-pb-span4\">\n<style scoped>\n\n\/* tdc_composer_block - inline css att *\/\n.vc_custom_1554223689963{margin-top: 40px !important;}\n\/* custom css *\/\n.td_uid_12_69e88ca41507f_rand {\r\n                    vertical-align: baseline;\r\n                }\n<\/style><div class=\"wpb_wrapper\">[vc_message message_box_color=&#8221;orange&#8221;]\r\n<h6 style=\"text-align: center;\"><strong>GOLD LEVEL MEMBERSHIP\r\n<\/strong><\/h6>\r\nThe <strong>Gold Membership<\/strong> of The Brahman Journal Club is $50.00 for the year and gives access to all the magazines for a <strong>10 year period<\/strong> and also <strong>all the current year&#8217; magazines<\/strong>. Example of the magazines you will have access to view &#8211; If you sign up in 2019 you will have access to all of the 2008 &#8211; 2018 magazines, as well as all of the 2019 magazines. Since this limits the number of magazines you have access to you may want to <strong>upgrade to a Lifetime membership<\/strong> so you can view <strong>ALL the magazines from 1971 to current<\/strong>. The Gold Membership is a Recurring Membership Plan and you will need to renew annually.[\/vc_message]<\/div><\/div><div class=\"vc_column vc_custom_1554223703410 td_uid_13_69e88ca4150e6_rand  wpb_column vc_column_container tdc-column td-pb-span4\">\n<style scoped>\n\n\/* tdc_composer_block - inline css att *\/\n.vc_custom_1554223703410{margin-top: 40px !important;}\n\/* custom css *\/\n.td_uid_13_69e88ca4150e6_rand {\r\n                    vertical-align: baseline;\r\n                }\n<\/style><div class=\"wpb_wrapper\">[vc_message message_box_color=&#8221;sky&#8221;]\r\n<h6 style=\"text-align: center;\"><strong>LIFETIME VIP MEMBERSHIP\r\n<\/strong><\/h6>\r\nEnjoy <strong>PREMIUM CONTENT<\/strong> and join the club with this Lifetime Membership and you will have access to <strong>ALL<\/strong> The Brahman Journal magazines since 1971 and current!<strong> No need to renew your membership, as you will be a VIP member of the club for life.<\/strong> You will have access to additional special content as we add it, such as International Brahman magazines from the 1960&#8217;s &#8211; 1970&#8217;s and some very special magazines from the 1940&#8217;s! So join for a LIFETIME for just $300 and enjoy viewing The Brahman Journal from 1971 to current day whenever and wherever you want![\/vc_message]<\/div><\/div><\/div><\/div><div id=\"td_uid_11_69e88ca415159\" class=\"tdc-row\"><div class=\"vc_row td_uid_14_69e88ca41515b_rand  wpb_row td-pb-row\" >\n<style scoped>\n\n\/* custom css *\/\n.td_uid_14_69e88ca41515b_rand {\r\n                    min-height: 0;\r\n                }\n<\/style><div class=\"vc_column vc_custom_1554228596637 td_uid_15_69e88ca41524d_rand  wpb_column vc_column_container tdc-column td-pb-span12\">\n<style scoped>\n\n\/* tdc_composer_block - inline css att *\/\n.vc_custom_1554228596637{margin-top: -15px !important;}\n\/* custom css *\/\n.td_uid_15_69e88ca41524d_rand {\r\n                    vertical-align: baseline;\r\n                }\n<\/style><div class=\"wpb_wrapper\">[vc_custom_heading text=&#8221;CONOCE M\u00c1S ACERCA DE NUESTROS DIFERENTES NIVELES DE MEMBRESIA&#8221; font_container=&#8221;tag:h3|text_align:center&#8221; google_fonts=&#8221;font_family:Montserrat%3Aregular%2C700|font_style:700%20bold%20regular%3A700%3Anormal&#8221;]<\/div><\/div><div class=\"vc_column vc_custom_1554223679388 td_uid_16_69e88ca4152bb_rand  wpb_column vc_column_container tdc-column td-pb-span4\">\n<style scoped>\n\n\/* tdc_composer_block - inline css att *\/\n.vc_custom_1554223679388{margin-top: 40px !important;}\n\/* custom css *\/\n.td_uid_16_69e88ca4152bb_rand {\r\n                    vertical-align: baseline;\r\n                }\n<\/style><div class=\"wpb_wrapper\">[vc_message message_box_color=&#8221;grey&#8221;]\r\n<h6 style=\"text-align: center;\"><strong>MEMBRES\u00cdA NIVEL PLATA\r\n<\/strong><\/h6>\r\n<strong>El nivel Plata<\/strong> del Club de la Revista Brahman Journal es de $25 USD y te da acceso a las revistas del a\u00f1o anterior y a las revistas del a\u00f1o vigente. Ejemplo de las revistas a las que tendr\u00e1s acceso &#8211; Si te suscribes en 2019 tendr\u00e1s accesso a todas las revistas del 2018 as\u00ed como todas las del 2019. Debido a que este es un nivel de acceso limitado, posiblemente quieras convertirte en un miembro Oro o VIP el cu\u00e1l te dar\u00e1 acceso a m\u00e1s revistas. La membres\u00eda Plata es de renovaci\u00f3n anual.[\/vc_message]<\/div><\/div><div class=\"vc_column vc_custom_1554223689963 td_uid_17_69e88ca415321_rand  wpb_column vc_column_container tdc-column td-pb-span4\">\n<style scoped>\n\n\/* tdc_composer_block - inline css att *\/\n.vc_custom_1554223689963{margin-top: 40px !important;}\n\/* custom css *\/\n.td_uid_17_69e88ca415321_rand {\r\n                    vertical-align: baseline;\r\n                }\n<\/style><div class=\"wpb_wrapper\">[vc_message message_box_color=&#8221;orange&#8221;]\r\n<h6 style=\"text-align: center;\"><strong>MEMBRES\u00cdA NIVEL ORO\r\n<\/strong><\/h6>\r\nLa membres\u00eda <strong>Oro del Club<\/strong> ofde la revista Brahman Journal es de $50.00 USD por a\u00f1o y te dar\u00e1 acceso a todas las revistas de los \u00faltimos 10 a\u00f1os y las del a\u00f1o vigente. Ejemplo de las revistas a las que tendr\u00e1s acceso &#8211; Si te suscribes en 2019 tendr\u00e1s acceso a todas las revistas del 2008 al 2018, as\u00ed como todas las revistas del 2019. Debido a que \u00e9sta te limita en el n\u00famero de revistas a las cuales puedes accesar, posiblemente quieras obtener una membres\u00eda <strong>Lifetime<\/strong> (de por vida) para que puedas ver TODAS las revistas desde 1971 hasta la \u00faltima vigente. La membres\u00eda Oro es de renovaci\u00f3n anual.[\/vc_message]<\/div><\/div><div class=\"vc_column vc_custom_1554223703410 td_uid_18_69e88ca415384_rand  wpb_column vc_column_container tdc-column td-pb-span4\">\n<style scoped>\n\n\/* tdc_composer_block - inline css att *\/\n.vc_custom_1554223703410{margin-top: 40px !important;}\n\/* custom css *\/\n.td_uid_18_69e88ca415384_rand {\r\n                    vertical-align: baseline;\r\n                }\n<\/style><div class=\"wpb_wrapper\">[vc_message message_box_color=&#8221;sky&#8221;]\r\n<h6 style=\"text-align: center;\"><strong>LIFETIME VIP MEMBERSHIP\r\n<\/strong><\/h6>\r\nEnjoy <strong>PREMIUM CONTENT<\/strong> and join the club with this Lifetime Membership and you will have access to <strong>ALL<\/strong> The Brahman Journal magazines since 1971 and current!<strong> No need to renew your membership, as you will be a VIP member of the club for life.<\/strong> You will have access to additional special content as we add it, such as International Brahman magazines from the 1960&#8217;s &#8211; 1970&#8217;s and some very special magazines from the 1940&#8217;s! So join for a LIFETIME for just $300 and enjoy viewing The Brahman Journal from 1971 to current day whenever and wherever you want![\/vc_message]<\/div><\/div><\/div><\/div><div id=\"td_uid_16_69e88ca4153ee\" class=\"tdc-row\"><div class=\"vc_row td_uid_19_69e88ca4153f0_rand  wpb_row td-pb-row\" >\n<style scoped>\n\n\/* custom css *\/\n.td_uid_19_69e88ca4153f0_rand {\r\n                    min-height: 0;\r\n                }\n<\/style><div class=\"vc_column td_uid_20_69e88ca4154c7_rand  wpb_column vc_column_container tdc-column td-pb-span12\">\n<style scoped>\n\n\/* custom css *\/\n.td_uid_20_69e88ca4154c7_rand {\r\n                    vertical-align: baseline;\r\n                }\n<\/style><div class=\"wpb_wrapper\"><\/div><\/div><\/div><\/div><\/div>","protected":false},"excerpt":{"rendered":"Click Here to view the magazine FREE We are proud to offer online versions of The Brahman Journal magazines from 1971 to current for you to view. You must register in order to view the magazines. The current month of the magazine can be viewed for FREE for 15 days after you register for the [...]","protected":false},"author":2400,"featured_media":0,"parent":0,"menu_order":0,"comment_status":"closed","ping_status":"closed","template":"","meta":{"footnotes":"","_links_to":"","_links_to_target":""},"class_list":["post-9368","page","type-page","status-publish"],"_links":{"self":[{"href":"https:\/\/brahmanjournal.com\/cattle\/wp-json\/wp\/v2\/pages\/9368","targetHints":{"allow":["GET"]}}],"collection":[{"href":"https:\/\/brahmanjournal.com\/cattle\/wp-json\/wp\/v2\/pages"}],"about":[{"href":"https:\/\/brahmanjournal.com\/cattle\/wp-json\/wp\/v2\/types\/page"}],"author":[{"embeddable":true,"href":"https:\/\/brahmanjournal.com\/cattle\/wp-json\/wp\/v2\/users\/2400"}],"replies":[{"embeddable":true,"href":"https:\/\/brahmanjournal.com\/cattle\/wp-json\/wp\/v2\/comments?post=9368"}],"version-history":[{"count":46,"href":"https:\/\/brahmanjournal.com\/cattle\/wp-json\/wp\/v2\/pages\/9368\/revisions"}],"predecessor-version":[{"id":18609,"href":"https:\/\/brahmanjournal.com\/cattle\/wp-json\/wp\/v2\/pages\/9368\/revisions\/18609"}],"wp:attachment":[{"href":"https:\/\/brahmanjournal.com\/cattle\/wp-json\/wp\/v2\/media?parent=9368"}],"curies":[{"name":"wp","href":"https:\/\/api.w.org\/{rel}","templated":true}]}}