{"id":5354,"date":"2017-04-15T21:57:14","date_gmt":"2017-04-16T02:57:14","guid":{"rendered":"https:\/\/brahmanjournal.com\/cattle\/?post_type=product&#038;p=5354"},"modified":"2024-02-12T23:48:07","modified_gmt":"2024-02-13T05:48:07","slug":"united-states-subscription-1-year-regualr-mail","status":"publish","type":"product","link":"https:\/\/brahmanjournal.com\/cattle\/product\/united-states-subscription-1-year-regualr-mail","title":{"rendered":"USA &#8211; 1 Year Regular Mail"},"content":{"rendered":"","protected":false},"excerpt":{"rendered":"<p>One Year Regular USA Mail Subscription this is for either a NEW subscription or to EXTEND your existing subscription. You must have a valid US mailing address.<\/p>\n<p>Suscripci\u00f3n regular de un a\u00f1o por correos de EE. UU. Esto es para una NUEVA suscripci\u00f3n o para EXTENDER su suscripci\u00f3n existente. Debe tener una direcci\u00f3n postal v\u00e1lida en EE. UU.<\/p>\n","protected":false},"featured_media":17880,"comment_status":"closed","ping_status":"closed","template":"","meta":{"_links_to":"","_links_to_target":""},"product_brand":[],"product_cat":[51],"product_tag":[],"class_list":{"0":"post-5354","1":"product","2":"type-product","3":"status-publish","4":"has-post-thumbnail","6":"product_cat-usa-subscriptions","7":"product_shipping_class-mailing-included","9":"first","10":"instock","11":"shipping-taxable","12":"purchasable","13":"product-type-simple"},"_links":{"self":[{"href":"https:\/\/brahmanjournal.com\/cattle\/wp-json\/wp\/v2\/product\/5354","targetHints":{"allow":["GET"]}}],"collection":[{"href":"https:\/\/brahmanjournal.com\/cattle\/wp-json\/wp\/v2\/product"}],"about":[{"href":"https:\/\/brahmanjournal.com\/cattle\/wp-json\/wp\/v2\/types\/product"}],"replies":[{"embeddable":true,"href":"https:\/\/brahmanjournal.com\/cattle\/wp-json\/wp\/v2\/comments?post=5354"}],"wp:featuredmedia":[{"embeddable":true,"href":"https:\/\/brahmanjournal.com\/cattle\/wp-json\/wp\/v2\/media\/17880"}],"wp:attachment":[{"href":"https:\/\/brahmanjournal.com\/cattle\/wp-json\/wp\/v2\/media?parent=5354"}],"wp:term":[{"taxonomy":"product_brand","embeddable":true,"href":"https:\/\/brahmanjournal.com\/cattle\/wp-json\/wp\/v2\/product_brand?post=5354"},{"taxonomy":"product_cat","embeddable":true,"href":"https:\/\/brahmanjournal.com\/cattle\/wp-json\/wp\/v2\/product_cat?post=5354"},{"taxonomy":"product_tag","embeddable":true,"href":"https:\/\/brahmanjournal.com\/cattle\/wp-json\/wp\/v2\/product_tag?post=5354"}],"curies":[{"name":"wp","href":"https:\/\/api.w.org\/{rel}","templated":true}]}}