{"id":5369,"date":"2017-04-15T23:17:00","date_gmt":"2017-04-15T23:17:00","guid":{"rendered":"https:\/\/brahmanjournal.com\/cattle\/?post_type=product&#038;p=5369"},"modified":"2024-02-12T23:47:03","modified_gmt":"2024-02-13T05:47:03","slug":"usa-subscription1-year-first-class-mail","status":"publish","type":"product","link":"https:\/\/brahmanjournal.com\/cattle\/product\/usa-subscription1-year-first-class-mail","title":{"rendered":"USA &#8211; 1 Year First Class Mail"},"content":{"rendered":"","protected":false},"excerpt":{"rendered":"<p>One Year FIRST CLASS USA Mail Subscription this is for either a NEW subscription or to EXTEND your existing subscription. You must have a valid US mailing address.<\/p>\n<p>Un A\u00f1o de Subscripci\u00f3n a trav\u00e9s de Correos de Estados Unidos PRIMERA CLASE. Esto es para NUEVAS suscripciones o para EXTENDER tu suscripci\u00f3n existente. Debes tener una direcci\u00f3n de entrega f\u00edsica que sea v\u00e1lida.<\/p>\n","protected":false},"featured_media":17878,"comment_status":"closed","ping_status":"closed","template":"","meta":{"_links_to":"","_links_to_target":""},"product_brand":[],"product_cat":[51],"product_tag":[],"class_list":{"0":"post-5369","1":"product","2":"type-product","3":"status-publish","4":"has-post-thumbnail","6":"product_cat-usa-subscriptions","7":"product_shipping_class-mailing-included","9":"first","10":"instock","11":"shipping-taxable","12":"purchasable","13":"product-type-simple"},"_links":{"self":[{"href":"https:\/\/brahmanjournal.com\/cattle\/wp-json\/wp\/v2\/product\/5369","targetHints":{"allow":["GET"]}}],"collection":[{"href":"https:\/\/brahmanjournal.com\/cattle\/wp-json\/wp\/v2\/product"}],"about":[{"href":"https:\/\/brahmanjournal.com\/cattle\/wp-json\/wp\/v2\/types\/product"}],"replies":[{"embeddable":true,"href":"https:\/\/brahmanjournal.com\/cattle\/wp-json\/wp\/v2\/comments?post=5369"}],"wp:featuredmedia":[{"embeddable":true,"href":"https:\/\/brahmanjournal.com\/cattle\/wp-json\/wp\/v2\/media\/17878"}],"wp:attachment":[{"href":"https:\/\/brahmanjournal.com\/cattle\/wp-json\/wp\/v2\/media?parent=5369"}],"wp:term":[{"taxonomy":"product_brand","embeddable":true,"href":"https:\/\/brahmanjournal.com\/cattle\/wp-json\/wp\/v2\/product_brand?post=5369"},{"taxonomy":"product_cat","embeddable":true,"href":"https:\/\/brahmanjournal.com\/cattle\/wp-json\/wp\/v2\/product_cat?post=5369"},{"taxonomy":"product_tag","embeddable":true,"href":"https:\/\/brahmanjournal.com\/cattle\/wp-json\/wp\/v2\/product_tag?post=5369"}],"curies":[{"name":"wp","href":"https:\/\/api.w.org\/{rel}","templated":true}]}}