{"id":5370,"date":"2017-04-15T23:18:10","date_gmt":"2017-04-16T04:18:10","guid":{"rendered":"https:\/\/brahmanjournal.com\/cattle\/?post_type=product&#038;p=5370"},"modified":"2024-02-12T23:53:29","modified_gmt":"2024-02-13T05:53:29","slug":"canada-and-mexico1-year-regular-mail","status":"publish","type":"product","link":"https:\/\/brahmanjournal.com\/cattle\/product\/canada-and-mexico1-year-regular-mail","title":{"rendered":"Canada &#038; Mexico &#8211; 1 Year Regular Mail"},"content":{"rendered":"","protected":false},"excerpt":{"rendered":"<p>One Year Regular Mail Subscription. This is for either a NEW subscription or to EXTEND your existing subscription. You must have a valid physical mailing address. No Guarantee of Delivery.<\/p>\n<p>Un A\u00f1o de Subscripci\u00f3n Correo Regular. Esto es para una NUEVA suscripci\u00f3n o para EXTENDER su suscripci\u00f3n existente. Debes tener una direcci\u00f3n de entrega f\u00edsica que sea v\u00e1lida. No se garantiza la entrega.<\/p>\n","protected":false},"featured_media":17885,"comment_status":"closed","ping_status":"closed","template":"","meta":{"_links_to":"","_links_to_target":""},"product_brand":[],"product_cat":[52],"product_tag":[],"class_list":{"0":"post-5370","1":"product","2":"type-product","3":"status-publish","4":"has-post-thumbnail","6":"product_cat-canada-mexico-subscriptions","7":"product_shipping_class-mailing-included","9":"first","10":"instock","11":"shipping-taxable","12":"purchasable","13":"product-type-simple"},"_links":{"self":[{"href":"https:\/\/brahmanjournal.com\/cattle\/wp-json\/wp\/v2\/product\/5370","targetHints":{"allow":["GET"]}}],"collection":[{"href":"https:\/\/brahmanjournal.com\/cattle\/wp-json\/wp\/v2\/product"}],"about":[{"href":"https:\/\/brahmanjournal.com\/cattle\/wp-json\/wp\/v2\/types\/product"}],"replies":[{"embeddable":true,"href":"https:\/\/brahmanjournal.com\/cattle\/wp-json\/wp\/v2\/comments?post=5370"}],"wp:featuredmedia":[{"embeddable":true,"href":"https:\/\/brahmanjournal.com\/cattle\/wp-json\/wp\/v2\/media\/17885"}],"wp:attachment":[{"href":"https:\/\/brahmanjournal.com\/cattle\/wp-json\/wp\/v2\/media?parent=5370"}],"wp:term":[{"taxonomy":"product_brand","embeddable":true,"href":"https:\/\/brahmanjournal.com\/cattle\/wp-json\/wp\/v2\/product_brand?post=5370"},{"taxonomy":"product_cat","embeddable":true,"href":"https:\/\/brahmanjournal.com\/cattle\/wp-json\/wp\/v2\/product_cat?post=5370"},{"taxonomy":"product_tag","embeddable":true,"href":"https:\/\/brahmanjournal.com\/cattle\/wp-json\/wp\/v2\/product_tag?post=5370"}],"curies":[{"name":"wp","href":"https:\/\/api.w.org\/{rel}","templated":true}]}}