{"id":5371,"date":"2017-04-15T23:23:38","date_gmt":"2017-04-16T04:23:38","guid":{"rendered":"https:\/\/brahmanjournal.com\/cattle\/?post_type=product&#038;p=5371"},"modified":"2024-02-12T23:52:17","modified_gmt":"2024-02-13T05:52:17","slug":"canada-and-mexico-1-year-air-mail","status":"publish","type":"product","link":"https:\/\/brahmanjournal.com\/cattle\/product\/canada-and-mexico-1-year-air-mail","title":{"rendered":"Canada &#038; Mexico -1 Year Air Mail"},"content":{"rendered":"","protected":false},"excerpt":{"rendered":"<p>One Year Air Mail Subscription. This is for either a NEW subscription or to EXTEND your existing subscription. You must have a valid physical mailing address. Please contact our office within the first 30 days of not receiving your magazine. We will try sending to a different address or replace the magazine TWO times in a One Year subscription period.<\/p>\n<p>Un A\u00f1o de Subscripci\u00f3n Correo A\u00e9reo. Esto es para una NUEVA suscripci\u00f3n o para EXTENDER su suscripci\u00f3n existente. Debes tener una direcci\u00f3n de entrega f\u00edsica que sea v\u00e1lida. Por favor comun\u00edcate a nuestra oficina dentro de los primeros 30 d\u00edas de no haber recibido tu revista, si fuera el caso. Trataremos de enviarte la revista a una direcci\u00f3n diferente o remplazarlas hasta DOS veces en Un A\u00f1o de subscripci\u00f3n.<\/p>\n","protected":false},"featured_media":17884,"comment_status":"closed","ping_status":"closed","template":"","meta":{"_links_to":"","_links_to_target":""},"product_brand":[],"product_cat":[52],"product_tag":[],"class_list":{"0":"post-5371","1":"product","2":"type-product","3":"status-publish","4":"has-post-thumbnail","6":"product_cat-canada-mexico-subscriptions","7":"product_shipping_class-mailing-included","9":"first","10":"instock","11":"shipping-taxable","12":"purchasable","13":"product-type-simple"},"_links":{"self":[{"href":"https:\/\/brahmanjournal.com\/cattle\/wp-json\/wp\/v2\/product\/5371","targetHints":{"allow":["GET"]}}],"collection":[{"href":"https:\/\/brahmanjournal.com\/cattle\/wp-json\/wp\/v2\/product"}],"about":[{"href":"https:\/\/brahmanjournal.com\/cattle\/wp-json\/wp\/v2\/types\/product"}],"replies":[{"embeddable":true,"href":"https:\/\/brahmanjournal.com\/cattle\/wp-json\/wp\/v2\/comments?post=5371"}],"wp:featuredmedia":[{"embeddable":true,"href":"https:\/\/brahmanjournal.com\/cattle\/wp-json\/wp\/v2\/media\/17884"}],"wp:attachment":[{"href":"https:\/\/brahmanjournal.com\/cattle\/wp-json\/wp\/v2\/media?parent=5371"}],"wp:term":[{"taxonomy":"product_brand","embeddable":true,"href":"https:\/\/brahmanjournal.com\/cattle\/wp-json\/wp\/v2\/product_brand?post=5371"},{"taxonomy":"product_cat","embeddable":true,"href":"https:\/\/brahmanjournal.com\/cattle\/wp-json\/wp\/v2\/product_cat?post=5371"},{"taxonomy":"product_tag","embeddable":true,"href":"https:\/\/brahmanjournal.com\/cattle\/wp-json\/wp\/v2\/product_tag?post=5371"}],"curies":[{"name":"wp","href":"https:\/\/api.w.org\/{rel}","templated":true}]}}