{"id":5387,"date":"2017-04-16T19:41:09","date_gmt":"2017-04-17T00:41:09","guid":{"rendered":"https:\/\/brahmanjournal.com\/cattle\/?post_type=product&#038;p=5387"},"modified":"2024-12-17T16:59:29","modified_gmt":"2024-12-17T22:59:29","slug":"international-global-priority-1-year-air-mail","status":"publish","type":"product","link":"https:\/\/brahmanjournal.com\/cattle\/product\/international-global-priority-1-year-air-mail","title":{"rendered":"International Global Priority &#8211; 1 Year Air Mail"},"content":{"rendered":"","protected":false},"excerpt":{"rendered":"<p>One Year Global Priority Air Mail Subscription. This is for either a NEW subscription or to EXTEND your existing subscription. You must have a valid physical mailing address. Guarantee of Delivery.<\/p>\n<p>Un A\u00f1o de Subscripci\u00f3n Correo A\u00e9reo Prioridad Global. Esto es para una NUEVA suscripci\u00f3n o para EXTENDER su suscripci\u00f3n existente. Debes tener una direcci\u00f3n de envio f\u00edsica que sea v\u00e1lida. Entrega Garantizada.<\/p>\n","protected":false},"featured_media":17881,"comment_status":"closed","ping_status":"closed","template":"","meta":{"_links_to":"","_links_to_target":""},"product_brand":[],"product_cat":[52,53,55],"product_tag":[],"class_list":{"0":"post-5387","1":"product","2":"type-product","3":"status-publish","4":"has-post-thumbnail","6":"product_cat-canada-mexico-subscriptions","7":"product_cat-central-america-south-america-subscriptions","8":"product_cat-australia-europe-other-countries-subscriptions","9":"product_shipping_class-mailing-included","11":"first","12":"instock","13":"shipping-taxable","14":"purchasable","15":"product-type-simple"},"_links":{"self":[{"href":"https:\/\/brahmanjournal.com\/cattle\/wp-json\/wp\/v2\/product\/5387","targetHints":{"allow":["GET"]}}],"collection":[{"href":"https:\/\/brahmanjournal.com\/cattle\/wp-json\/wp\/v2\/product"}],"about":[{"href":"https:\/\/brahmanjournal.com\/cattle\/wp-json\/wp\/v2\/types\/product"}],"replies":[{"embeddable":true,"href":"https:\/\/brahmanjournal.com\/cattle\/wp-json\/wp\/v2\/comments?post=5387"}],"wp:featuredmedia":[{"embeddable":true,"href":"https:\/\/brahmanjournal.com\/cattle\/wp-json\/wp\/v2\/media\/17881"}],"wp:attachment":[{"href":"https:\/\/brahmanjournal.com\/cattle\/wp-json\/wp\/v2\/media?parent=5387"}],"wp:term":[{"taxonomy":"product_brand","embeddable":true,"href":"https:\/\/brahmanjournal.com\/cattle\/wp-json\/wp\/v2\/product_brand?post=5387"},{"taxonomy":"product_cat","embeddable":true,"href":"https:\/\/brahmanjournal.com\/cattle\/wp-json\/wp\/v2\/product_cat?post=5387"},{"taxonomy":"product_tag","embeddable":true,"href":"https:\/\/brahmanjournal.com\/cattle\/wp-json\/wp\/v2\/product_tag?post=5387"}],"curies":[{"name":"wp","href":"https:\/\/api.w.org\/{rel}","templated":true}]}}